
{"id":11,"date":"2022-07-17T20:19:23","date_gmt":"2022-07-17T20:19:23","guid":{"rendered":"https:\/\/lksuenfa.ca\/?page_id=11"},"modified":"2024-01-03T19:49:26","modified_gmt":"2024-01-03T19:49:26","slug":"home","status":"publish","type":"page","link":"https:\/\/the-irreverent-studio.ca\/fr\/","title":{"rendered":"Home"},"content":{"rendered":"\n<h2 class=\"wp-block-heading has-large-font-size\" style=\"font-style:normal;font-weight:900\">Au Studio L&rsquo;Irr\u00e9v\u00e9rence, nous sommes d\u00e9di\u00e9s \u00e0 r\u00e9imaginer la mani\u00e8re dont le savoir est partag\u00e9. <\/h2>\n\n\n\n<p>Fond\u00e9 par un pharmacien rendu designer, notre parcours a d\u00e9but\u00e9 avec le d\u00e9sir profond de susciter l&rsquo;\u00e9merveillement pour la science et de cr\u00e9er des exp\u00e9riences uniques et captivantes. <br \/> <br \/>Notre mission est claire : combler le foss\u00e9 entre le transfert des connaissances, la communication scientifique et le branding. Notre expertise r\u00e9side dans la simplification des concepts complexes en visuels captivants et exp\u00e9riences num\u00e9riques immersives, ouvrant ainsi la voie pour que la science puisse inspirer et \u00e9merveiller, tout en comblant le foss\u00e9 entre l&rsquo;expertise et la compr\u00e9hension.<br \/><br \/>Nos clients comprennent des professionnels de la sant\u00e9, des chercheurs et des organisations, tous partageant notre d\u00e9vouement \u00e0 rendre la science accessible \u00e0 travers une communication claire et cr\u00e9ative.<\/p>\n","protected":false},"excerpt":{"rendered":"<p>Au Studio L&rsquo;Irr\u00e9v\u00e9rence, nous sommes d\u00e9di\u00e9s \u00e0 r\u00e9imaginer la mani\u00e8re dont le savoir est partag\u00e9. Fond\u00e9 par un pharmacien rendu designer, notre parcours a d\u00e9but\u00e9 avec le d\u00e9sir profond de susciter l&rsquo;\u00e9merveillement pour la science et de cr\u00e9er des exp\u00e9riences uniques et captivantes. Notre mission est claire : combler le foss\u00e9 entre le transfert des <a href=\"https:\/\/the-irreverent-studio.ca\/fr\/\" class=\"more-link\">&#8230;<span class=\"screen-reader-text\">  Home<\/span><\/a><\/p>\n","protected":false},"author":1,"featured_media":649,"parent":0,"menu_order":0,"comment_status":"closed","ping_status":"closed","template":"","meta":{"_acf_changed":false,"footnotes":""},"class_list":["post-11","page","type-page","status-publish","has-post-thumbnail","hentry"],"acf":[],"yoast_head":"<!-- This site is optimized with the Yoast SEO plugin v25.0 - https:\/\/yoast.com\/wordpress\/plugins\/seo\/ -->\n<title>Home - Studio L&#039;irr\u00e9v\u00e9rence<\/title>\n<meta name=\"robots\" content=\"index, follow, max-snippet:-1, max-image-preview:large, max-video-preview:-1\" \/>\n<link rel=\"canonical\" href=\"https:\/\/the-irreverent-studio.ca\/fr\/\" \/>\n<meta property=\"og:locale\" content=\"fr_CA\" \/>\n<meta property=\"og:type\" content=\"article\" \/>\n<meta property=\"og:title\" content=\"Home - Studio L&#039;irr\u00e9v\u00e9rence\" \/>\n<meta property=\"og:description\" content=\"Au Studio L&rsquo;Irr\u00e9v\u00e9rence, nous sommes d\u00e9di\u00e9s \u00e0 r\u00e9imaginer la mani\u00e8re dont le savoir est partag\u00e9. Fond\u00e9 par un pharmacien rendu designer, notre parcours a d\u00e9but\u00e9 avec le d\u00e9sir profond de susciter l&rsquo;\u00e9merveillement pour la science et de cr\u00e9er des exp\u00e9riences uniques et captivantes. Notre mission est claire : combler le foss\u00e9 entre le transfert des ... Home\" \/>\n<meta property=\"og:url\" content=\"https:\/\/the-irreverent-studio.ca\/fr\/\" \/>\n<meta property=\"og:site_name\" content=\"Studio L&#039;irr\u00e9v\u00e9rence\" \/>\n<meta property=\"article:modified_time\" content=\"2024-01-03T19:49:26+00:00\" \/>\n<meta property=\"og:image\" content=\"http:\/\/the-irreverent-studio.ca\/fr\/wp-content\/uploads\/sites\/2\/2024\/01\/values-fr.png\" \/>\n\t<meta property=\"og:image:width\" content=\"952\" \/>\n\t<meta property=\"og:image:height\" content=\"1007\" \/>\n\t<meta property=\"og:image:type\" content=\"image\/png\" \/>\n<meta name=\"twitter:card\" content=\"summary_large_image\" \/>\n<meta name=\"twitter:label1\" content=\"Estimation du temps de lecture\" \/>\n\t<meta name=\"twitter:data1\" content=\"1 minute\" \/>\n<script type=\"application\/ld+json\" class=\"yoast-schema-graph\">{\"@context\":\"https:\/\/schema.org\",\"@graph\":[{\"@type\":\"WebPage\",\"@id\":\"https:\/\/the-irreverent-studio.ca\/fr\/\",\"url\":\"https:\/\/the-irreverent-studio.ca\/fr\/\",\"name\":\"Home - Studio L&#039;irr\u00e9v\u00e9rence\",\"isPartOf\":{\"@id\":\"https:\/\/the-irreverent-studio.ca\/fr\/#website\"},\"primaryImageOfPage\":{\"@id\":\"https:\/\/the-irreverent-studio.ca\/fr\/#primaryimage\"},\"image\":{\"@id\":\"https:\/\/the-irreverent-studio.ca\/fr\/#primaryimage\"},\"thumbnailUrl\":\"https:\/\/the-irreverent-studio.ca\/fr\/wp-content\/uploads\/sites\/2\/2024\/01\/values-fr.png\",\"datePublished\":\"2022-07-17T20:19:23+00:00\",\"dateModified\":\"2024-01-03T19:49:26+00:00\",\"breadcrumb\":{\"@id\":\"https:\/\/the-irreverent-studio.ca\/fr\/#breadcrumb\"},\"inLanguage\":\"fr-CA\",\"potentialAction\":[{\"@type\":\"ReadAction\",\"target\":[\"https:\/\/the-irreverent-studio.ca\/fr\/\"]}]},{\"@type\":\"ImageObject\",\"inLanguage\":\"fr-CA\",\"@id\":\"https:\/\/the-irreverent-studio.ca\/fr\/#primaryimage\",\"url\":\"https:\/\/the-irreverent-studio.ca\/fr\/wp-content\/uploads\/sites\/2\/2024\/01\/values-fr.png\",\"contentUrl\":\"https:\/\/the-irreverent-studio.ca\/fr\/wp-content\/uploads\/sites\/2\/2024\/01\/values-fr.png\",\"width\":952,\"height\":1007},{\"@type\":\"BreadcrumbList\",\"@id\":\"https:\/\/the-irreverent-studio.ca\/fr\/#breadcrumb\",\"itemListElement\":[{\"@type\":\"ListItem\",\"position\":1,\"name\":\"Home\",\"item\":\"https:\/\/the-irreverent-studio.ca\/fr\/\"},{\"@type\":\"ListItem\",\"position\":2,\"name\":\"Home\"}]},{\"@type\":\"WebSite\",\"@id\":\"https:\/\/the-irreverent-studio.ca\/fr\/#website\",\"url\":\"https:\/\/the-irreverent-studio.ca\/fr\/\",\"name\":\"Studio L&#039;irr\u00e9v\u00e9rence\",\"description\":\"DE L&#039;EXPERTISE COMPLEXE \u00c0 LA SIMPLICIT\u00c9 DESIGN - irr\u00e9v\u00e9rencieusement\",\"publisher\":{\"@id\":\"https:\/\/the-irreverent-studio.ca\/fr\/#organization\"},\"potentialAction\":[{\"@type\":\"SearchAction\",\"target\":{\"@type\":\"EntryPoint\",\"urlTemplate\":\"https:\/\/the-irreverent-studio.ca\/fr\/?s={search_term_string}\"},\"query-input\":{\"@type\":\"PropertyValueSpecification\",\"valueRequired\":true,\"valueName\":\"search_term_string\"}}],\"inLanguage\":\"fr-CA\"},{\"@type\":\"Organization\",\"@id\":\"https:\/\/the-irreverent-studio.ca\/fr\/#organization\",\"name\":\"Studio L&#039;irr\u00e9v\u00e9rence\",\"url\":\"https:\/\/the-irreverent-studio.ca\/fr\/\",\"logo\":{\"@type\":\"ImageObject\",\"inLanguage\":\"fr-CA\",\"@id\":\"https:\/\/the-irreverent-studio.ca\/fr\/#\/schema\/logo\/image\/\",\"url\":\"https:\/\/the-irreverent-studio.ca\/fr\/wp-content\/uploads\/sites\/2\/2023\/12\/logo-02.png\",\"contentUrl\":\"https:\/\/the-irreverent-studio.ca\/fr\/wp-content\/uploads\/sites\/2\/2023\/12\/logo-02.png\",\"width\":100,\"height\":100,\"caption\":\"Studio L&#039;irr\u00e9v\u00e9rence\"},\"image\":{\"@id\":\"https:\/\/the-irreverent-studio.ca\/fr\/#\/schema\/logo\/image\/\"}}]}<\/script>\n<!-- \/ Yoast SEO plugin. -->","yoast_head_json":{"title":"Home - Studio L&#039;irr\u00e9v\u00e9rence","robots":{"index":"index","follow":"follow","max-snippet":"max-snippet:-1","max-image-preview":"max-image-preview:large","max-video-preview":"max-video-preview:-1"},"canonical":"https:\/\/the-irreverent-studio.ca\/fr\/","og_locale":"fr_CA","og_type":"article","og_title":"Home - Studio L&#039;irr\u00e9v\u00e9rence","og_description":"Au Studio L&rsquo;Irr\u00e9v\u00e9rence, nous sommes d\u00e9di\u00e9s \u00e0 r\u00e9imaginer la mani\u00e8re dont le savoir est partag\u00e9. Fond\u00e9 par un pharmacien rendu designer, notre parcours a d\u00e9but\u00e9 avec le d\u00e9sir profond de susciter l&rsquo;\u00e9merveillement pour la science et de cr\u00e9er des exp\u00e9riences uniques et captivantes. Notre mission est claire : combler le foss\u00e9 entre le transfert des ... Home","og_url":"https:\/\/the-irreverent-studio.ca\/fr\/","og_site_name":"Studio L&#039;irr\u00e9v\u00e9rence","article_modified_time":"2024-01-03T19:49:26+00:00","og_image":[{"width":952,"height":1007,"url":"http:\/\/the-irreverent-studio.ca\/fr\/wp-content\/uploads\/sites\/2\/2024\/01\/values-fr.png","type":"image\/png"}],"twitter_card":"summary_large_image","twitter_misc":{"Estimation du temps de lecture":"1 minute"},"schema":{"@context":"https:\/\/schema.org","@graph":[{"@type":"WebPage","@id":"https:\/\/the-irreverent-studio.ca\/fr\/","url":"https:\/\/the-irreverent-studio.ca\/fr\/","name":"Home - Studio L&#039;irr\u00e9v\u00e9rence","isPartOf":{"@id":"https:\/\/the-irreverent-studio.ca\/fr\/#website"},"primaryImageOfPage":{"@id":"https:\/\/the-irreverent-studio.ca\/fr\/#primaryimage"},"image":{"@id":"https:\/\/the-irreverent-studio.ca\/fr\/#primaryimage"},"thumbnailUrl":"https:\/\/the-irreverent-studio.ca\/fr\/wp-content\/uploads\/sites\/2\/2024\/01\/values-fr.png","datePublished":"2022-07-17T20:19:23+00:00","dateModified":"2024-01-03T19:49:26+00:00","breadcrumb":{"@id":"https:\/\/the-irreverent-studio.ca\/fr\/#breadcrumb"},"inLanguage":"fr-CA","potentialAction":[{"@type":"ReadAction","target":["https:\/\/the-irreverent-studio.ca\/fr\/"]}]},{"@type":"ImageObject","inLanguage":"fr-CA","@id":"https:\/\/the-irreverent-studio.ca\/fr\/#primaryimage","url":"https:\/\/the-irreverent-studio.ca\/fr\/wp-content\/uploads\/sites\/2\/2024\/01\/values-fr.png","contentUrl":"https:\/\/the-irreverent-studio.ca\/fr\/wp-content\/uploads\/sites\/2\/2024\/01\/values-fr.png","width":952,"height":1007},{"@type":"BreadcrumbList","@id":"https:\/\/the-irreverent-studio.ca\/fr\/#breadcrumb","itemListElement":[{"@type":"ListItem","position":1,"name":"Home","item":"https:\/\/the-irreverent-studio.ca\/fr\/"},{"@type":"ListItem","position":2,"name":"Home"}]},{"@type":"WebSite","@id":"https:\/\/the-irreverent-studio.ca\/fr\/#website","url":"https:\/\/the-irreverent-studio.ca\/fr\/","name":"Studio L&#039;irr\u00e9v\u00e9rence","description":"DE L&#039;EXPERTISE COMPLEXE \u00c0 LA SIMPLICIT\u00c9 DESIGN - irr\u00e9v\u00e9rencieusement","publisher":{"@id":"https:\/\/the-irreverent-studio.ca\/fr\/#organization"},"potentialAction":[{"@type":"SearchAction","target":{"@type":"EntryPoint","urlTemplate":"https:\/\/the-irreverent-studio.ca\/fr\/?s={search_term_string}"},"query-input":{"@type":"PropertyValueSpecification","valueRequired":true,"valueName":"search_term_string"}}],"inLanguage":"fr-CA"},{"@type":"Organization","@id":"https:\/\/the-irreverent-studio.ca\/fr\/#organization","name":"Studio L&#039;irr\u00e9v\u00e9rence","url":"https:\/\/the-irreverent-studio.ca\/fr\/","logo":{"@type":"ImageObject","inLanguage":"fr-CA","@id":"https:\/\/the-irreverent-studio.ca\/fr\/#\/schema\/logo\/image\/","url":"https:\/\/the-irreverent-studio.ca\/fr\/wp-content\/uploads\/sites\/2\/2023\/12\/logo-02.png","contentUrl":"https:\/\/the-irreverent-studio.ca\/fr\/wp-content\/uploads\/sites\/2\/2023\/12\/logo-02.png","width":100,"height":100,"caption":"Studio L&#039;irr\u00e9v\u00e9rence"},"image":{"@id":"https:\/\/the-irreverent-studio.ca\/fr\/#\/schema\/logo\/image\/"}}]}},"_links":{"self":[{"href":"https:\/\/the-irreverent-studio.ca\/fr\/wp-json\/wp\/v2\/pages\/11","targetHints":{"allow":["GET"]}}],"collection":[{"href":"https:\/\/the-irreverent-studio.ca\/fr\/wp-json\/wp\/v2\/pages"}],"about":[{"href":"https:\/\/the-irreverent-studio.ca\/fr\/wp-json\/wp\/v2\/types\/page"}],"author":[{"embeddable":true,"href":"https:\/\/the-irreverent-studio.ca\/fr\/wp-json\/wp\/v2\/users\/1"}],"replies":[{"embeddable":true,"href":"https:\/\/the-irreverent-studio.ca\/fr\/wp-json\/wp\/v2\/comments?post=11"}],"version-history":[{"count":0,"href":"https:\/\/the-irreverent-studio.ca\/fr\/wp-json\/wp\/v2\/pages\/11\/revisions"}],"wp:featuredmedia":[{"embeddable":true,"href":"https:\/\/the-irreverent-studio.ca\/fr\/wp-json\/wp\/v2\/media\/649"}],"wp:attachment":[{"href":"https:\/\/the-irreverent-studio.ca\/fr\/wp-json\/wp\/v2\/media?parent=11"}],"curies":[{"name":"wp","href":"https:\/\/api.w.org\/{rel}","templated":true}]}}