
{"id":15,"date":"2022-07-17T20:24:42","date_gmt":"2022-07-17T20:24:42","guid":{"rendered":"https:\/\/lksuenfa.ca\/?page_id=15"},"modified":"2024-01-10T18:48:13","modified_gmt":"2024-01-10T18:48:13","slug":"a-propos","status":"publish","type":"page","link":"https:\/\/the-irreverent-studio.ca\/fr\/a-propos\/","title":{"rendered":"\u00c0 propos"},"content":{"rendered":"\n<h2 class=\"wp-block-heading text-xxxl title spacing-down-md has-x-large-font-size\" style=\"text-transform:uppercase\">\u00c0 propos<\/h2>\n\n\n\n<p>L&rsquo;Irrev\u00e9rence est un studio de design d\u00e9di\u00e9 \u00e0 r\u00e9inventer la mani\u00e8re dont la connaissance est partag\u00e9e \u00e0 travers le design. Nous avons un d\u00e9sir profond de susciter l&rsquo;\u00e9merveillement dans le domaine scientifique et de cr\u00e9er des exp\u00e9riences uniques et captivantes. Notre mission est de combler les mondes du transfert des connaissances, de la communication scientifique et du branding. Notre point fort r\u00e9side dans la simplification de concepts complexes en visuels captivants et en exp\u00e9riences digitales immersives. Nous cr\u00e9ons un chemin pour que la science inspire et \u00e9merveille, tout en comblant le foss\u00e9 entre l&rsquo;expertise et la compr\u00e9hension.<\/p>\n\n\n\n<div style=\"height:1em\" aria-hidden=\"true\" class=\"wp-block-spacer\"><\/div>\n\n\n\n<p>Les clients avec lesquels nous avons travaill\u00e9 incluent des professionnels de la sant\u00e9, des chercheurs et des organisations, tous partageant notre d\u00e9vouement \u00e0 cr\u00e9er un impact significatif gr\u00e2ce \u00e0 une communication claire et cr\u00e9ative. Nous croyons que la co-cr\u00e9ation, la multidisciplinarit\u00e9 et la pluriversalit\u00e9 sont essentielles \u00e0 un excellent design et nous sommes impatients de travailler avec des clients partageant ces m\u00eames valeurs.<\/p>\n\n\n\n<div style=\"height:3em\" aria-hidden=\"true\" class=\"wp-block-spacer\"><\/div>\n\n\n\n<h2 class=\"wp-block-heading text-xl title spacing-down-md\" style=\"text-transform:uppercase\">&nbsp; \u00c0 propos du fondateur<\/h2>\n\n\n\n<div class=\"wp-block-columns is-layout-flex wp-container-core-columns-is-layout-9d6595d7 wp-block-columns-is-layout-flex\">\n<div class=\"wp-block-column about-wrapper is-layout-flow wp-block-column-is-layout-flow\" style=\"flex-basis:33.33%\">\n<figure class=\"wp-block-image size-large\"><img loading=\"lazy\" decoding=\"async\" width=\"1024\" height=\"1024\" src=\"http:\/\/the-irreverent-studio.ca\/fr\/wp-content\/uploads\/sites\/2\/2023\/12\/profile-pic-1024x1024.jpeg\" alt=\"\" class=\"wp-image-551\" srcset=\"https:\/\/the-irreverent-studio.ca\/fr\/wp-content\/uploads\/sites\/2\/2023\/12\/profile-pic-1024x1024.jpeg 1024w, https:\/\/the-irreverent-studio.ca\/fr\/wp-content\/uploads\/sites\/2\/2023\/12\/profile-pic-300x300.jpeg 300w, https:\/\/the-irreverent-studio.ca\/fr\/wp-content\/uploads\/sites\/2\/2023\/12\/profile-pic-150x150.jpeg 150w, https:\/\/the-irreverent-studio.ca\/fr\/wp-content\/uploads\/sites\/2\/2023\/12\/profile-pic.jpeg 1980w\" sizes=\"auto, (max-width: 1024px) 100vw, 1024px\" \/><\/figure>\n<\/div>\n\n\n\n<div class=\"wp-block-column is-layout-flow wp-block-column-is-layout-flow\" style=\"flex-basis:1%\"><\/div>\n\n\n\n<div class=\"wp-block-column is-layout-flow wp-block-column-is-layout-flow\" style=\"flex-basis:66.66%\">\n<p>Leanne Suen Fa est designer UI\/UX et d\u00e9veloppeur cr\u00e9atif d&rsquo;origine mauricienne, \u00e9tabli au Canada.<\/p>\n\n\n\n<div style=\"height:1em\" aria-hidden=\"true\" class=\"wp-block-spacer\"><\/div>\n\n\n\n<p>Bien qu&rsquo;elle ait obtenu son Doctorat en pharmacie de l&rsquo;Universit\u00e9 de Montr\u00e9al en 2018, son int\u00e9r\u00eat pour la remise en question des id\u00e9es conventionnelles sur la conception de services dans le secteur de la sant\u00e9 l&rsquo;a amen\u00e9 \u00e0 \u00e9tudier le design et ses diff\u00e9rentes applications pour r\u00e9soudre des probl\u00e8mes, dans l&rsquo;espoir d&rsquo;am\u00e9liorer l&rsquo;exp\u00e9rience des patients et des professionnels de la sant\u00e9. Elle a acquis un Baccalaur\u00e9at en beaux-arts en design avec une sp\u00e9cialisation en conception web \u00e0 l&rsquo;Universit\u00e9 Concordia, tout en travaillant simultan\u00e9ment en tant que pharmacienne communautaire et occasionnellement en tant que pharmacienne hospitalier \u00e0 l&rsquo;Institut Universitaire de G\u00e9riatrie de Montr\u00e9al.<\/p>\n\n\n\n<div style=\"height:1em\" aria-hidden=\"true\" class=\"wp-block-spacer\"><\/div>\n\n\n\n<p>En tant que designer, elle croit au potentiel de la technologie pour cr\u00e9er un futur plus humain d\u00e9pend de la qualit\u00e9 de sa mise en \u0153uvre. Ainsi, sa pratique se concentre sur le design comme une forme de soin pour autrui et elle s&rsquo;engage \u00e0 cr\u00e9er des exp\u00e9riences num\u00e9riques uniques centr\u00e9es sur l&rsquo;humain, rassemblant les gens et donnant une voix aux communaut\u00e9s sous-repr\u00e9sent\u00e9es.<\/p>\n\n\n\n<div style=\"height:1em\" aria-hidden=\"true\" class=\"wp-block-spacer\"><\/div>\n\n\n\n<p>En tant que designer et pharmacienne, elle s&rsquo;int\u00e9resse \u00e0 des probl\u00e9matiques telles que le vieillissement mondial, l&rsquo;environnement, l&rsquo;accessibilit\u00e9 et l&rsquo;impact du design et de la technologie sur la sant\u00e9, ainsi que la d\u00e9sinformation scientifique.<\/p>\n<\/div>\n<\/div>\n\n\n\n<p>.<\/p>\n","protected":false},"excerpt":{"rendered":"<p>\u00c0 propos L&rsquo;Irrev\u00e9rence est un studio de design d\u00e9di\u00e9 \u00e0 r\u00e9inventer la mani\u00e8re dont la connaissance est partag\u00e9e \u00e0 travers le design. Nous avons un d\u00e9sir profond de susciter l&rsquo;\u00e9merveillement dans le domaine scientifique et de cr\u00e9er des exp\u00e9riences uniques et captivantes. Notre mission est de combler les mondes du transfert des connaissances, de la <a href=\"https:\/\/the-irreverent-studio.ca\/fr\/a-propos\/\" class=\"more-link\">&#8230;<span class=\"screen-reader-text\">  \u00c0 propos<\/span><\/a><\/p>\n","protected":false},"author":1,"featured_media":551,"parent":0,"menu_order":0,"comment_status":"closed","ping_status":"closed","template":"","meta":{"_acf_changed":false,"footnotes":""},"class_list":["post-15","page","type-page","status-publish","has-post-thumbnail","hentry"],"acf":[],"yoast_head":"<!-- This site is optimized with the Yoast SEO plugin v25.0 - https:\/\/yoast.com\/wordpress\/plugins\/seo\/ -->\n<title>\u00c0 propos - Studio L&#039;irr\u00e9v\u00e9rence<\/title>\n<meta name=\"description\" content=\"Leanne Suen Fa est designer UI\/UX et d\u00e9veloppeur cr\u00e9atif d&#039;origine mauricienne, \u00e9tabli au Canada.\" \/>\n<meta name=\"robots\" content=\"index, follow, max-snippet:-1, max-image-preview:large, max-video-preview:-1\" \/>\n<link rel=\"canonical\" href=\"https:\/\/the-irreverent-studio.ca\/fr\/a-propos\/\" \/>\n<meta property=\"og:locale\" content=\"fr_CA\" \/>\n<meta property=\"og:type\" content=\"article\" \/>\n<meta property=\"og:title\" content=\"\u00c0 propos - Studio L&#039;irr\u00e9v\u00e9rence\" \/>\n<meta property=\"og:description\" content=\"Leanne Suen Fa est designer UI\/UX et d\u00e9veloppeur cr\u00e9atif d&#039;origine mauricienne, \u00e9tabli au Canada.\" \/>\n<meta property=\"og:url\" content=\"https:\/\/the-irreverent-studio.ca\/fr\/a-propos\/\" \/>\n<meta property=\"og:site_name\" content=\"Studio L&#039;irr\u00e9v\u00e9rence\" \/>\n<meta property=\"article:modified_time\" content=\"2024-01-10T18:48:13+00:00\" \/>\n<meta property=\"og:image\" content=\"http:\/\/the-irreverent-studio.ca\/fr\/wp-content\/uploads\/sites\/2\/2023\/12\/profile-pic.jpeg\" \/>\n\t<meta property=\"og:image:width\" content=\"1980\" \/>\n\t<meta property=\"og:image:height\" content=\"1980\" \/>\n\t<meta property=\"og:image:type\" content=\"image\/jpeg\" \/>\n<meta name=\"twitter:card\" content=\"summary_large_image\" \/>\n<meta name=\"twitter:label1\" content=\"Estimation du temps de lecture\" \/>\n\t<meta name=\"twitter:data1\" content=\"3 minutes\" \/>\n<script type=\"application\/ld+json\" class=\"yoast-schema-graph\">{\"@context\":\"https:\/\/schema.org\",\"@graph\":[{\"@type\":\"WebPage\",\"@id\":\"https:\/\/the-irreverent-studio.ca\/fr\/a-propos\/\",\"url\":\"https:\/\/the-irreverent-studio.ca\/fr\/a-propos\/\",\"name\":\"\u00c0 propos - Studio L&#039;irr\u00e9v\u00e9rence\",\"isPartOf\":{\"@id\":\"https:\/\/the-irreverent-studio.ca\/fr\/#website\"},\"primaryImageOfPage\":{\"@id\":\"https:\/\/the-irreverent-studio.ca\/fr\/a-propos\/#primaryimage\"},\"image\":{\"@id\":\"https:\/\/the-irreverent-studio.ca\/fr\/a-propos\/#primaryimage\"},\"thumbnailUrl\":\"https:\/\/the-irreverent-studio.ca\/fr\/wp-content\/uploads\/sites\/2\/2023\/12\/profile-pic.jpeg\",\"datePublished\":\"2022-07-17T20:24:42+00:00\",\"dateModified\":\"2024-01-10T18:48:13+00:00\",\"description\":\"Leanne Suen Fa est designer UI\/UX et d\u00e9veloppeur cr\u00e9atif d'origine mauricienne, \u00e9tabli au Canada.\",\"breadcrumb\":{\"@id\":\"https:\/\/the-irreverent-studio.ca\/fr\/a-propos\/#breadcrumb\"},\"inLanguage\":\"fr-CA\",\"potentialAction\":[{\"@type\":\"ReadAction\",\"target\":[\"https:\/\/the-irreverent-studio.ca\/fr\/a-propos\/\"]}]},{\"@type\":\"ImageObject\",\"inLanguage\":\"fr-CA\",\"@id\":\"https:\/\/the-irreverent-studio.ca\/fr\/a-propos\/#primaryimage\",\"url\":\"https:\/\/the-irreverent-studio.ca\/fr\/wp-content\/uploads\/sites\/2\/2023\/12\/profile-pic.jpeg\",\"contentUrl\":\"https:\/\/the-irreverent-studio.ca\/fr\/wp-content\/uploads\/sites\/2\/2023\/12\/profile-pic.jpeg\",\"width\":1980,\"height\":1980},{\"@type\":\"BreadcrumbList\",\"@id\":\"https:\/\/the-irreverent-studio.ca\/fr\/a-propos\/#breadcrumb\",\"itemListElement\":[{\"@type\":\"ListItem\",\"position\":1,\"name\":\"Home\",\"item\":\"https:\/\/the-irreverent-studio.ca\/fr\/\"},{\"@type\":\"ListItem\",\"position\":2,\"name\":\"\u00c0 propos\"}]},{\"@type\":\"WebSite\",\"@id\":\"https:\/\/the-irreverent-studio.ca\/fr\/#website\",\"url\":\"https:\/\/the-irreverent-studio.ca\/fr\/\",\"name\":\"Studio L&#039;irr\u00e9v\u00e9rence\",\"description\":\"DE L&#039;EXPERTISE COMPLEXE \u00c0 LA SIMPLICIT\u00c9 DESIGN - irr\u00e9v\u00e9rencieusement\",\"publisher\":{\"@id\":\"https:\/\/the-irreverent-studio.ca\/fr\/#organization\"},\"potentialAction\":[{\"@type\":\"SearchAction\",\"target\":{\"@type\":\"EntryPoint\",\"urlTemplate\":\"https:\/\/the-irreverent-studio.ca\/fr\/?s={search_term_string}\"},\"query-input\":{\"@type\":\"PropertyValueSpecification\",\"valueRequired\":true,\"valueName\":\"search_term_string\"}}],\"inLanguage\":\"fr-CA\"},{\"@type\":\"Organization\",\"@id\":\"https:\/\/the-irreverent-studio.ca\/fr\/#organization\",\"name\":\"Studio L&#039;irr\u00e9v\u00e9rence\",\"url\":\"https:\/\/the-irreverent-studio.ca\/fr\/\",\"logo\":{\"@type\":\"ImageObject\",\"inLanguage\":\"fr-CA\",\"@id\":\"https:\/\/the-irreverent-studio.ca\/fr\/#\/schema\/logo\/image\/\",\"url\":\"https:\/\/the-irreverent-studio.ca\/fr\/wp-content\/uploads\/sites\/2\/2023\/12\/logo-02.png\",\"contentUrl\":\"https:\/\/the-irreverent-studio.ca\/fr\/wp-content\/uploads\/sites\/2\/2023\/12\/logo-02.png\",\"width\":100,\"height\":100,\"caption\":\"Studio L&#039;irr\u00e9v\u00e9rence\"},\"image\":{\"@id\":\"https:\/\/the-irreverent-studio.ca\/fr\/#\/schema\/logo\/image\/\"}}]}<\/script>\n<!-- \/ Yoast SEO plugin. -->","yoast_head_json":{"title":"\u00c0 propos - Studio L&#039;irr\u00e9v\u00e9rence","description":"Leanne Suen Fa est designer UI\/UX et d\u00e9veloppeur cr\u00e9atif d'origine mauricienne, \u00e9tabli au Canada.","robots":{"index":"index","follow":"follow","max-snippet":"max-snippet:-1","max-image-preview":"max-image-preview:large","max-video-preview":"max-video-preview:-1"},"canonical":"https:\/\/the-irreverent-studio.ca\/fr\/a-propos\/","og_locale":"fr_CA","og_type":"article","og_title":"\u00c0 propos - Studio L&#039;irr\u00e9v\u00e9rence","og_description":"Leanne Suen Fa est designer UI\/UX et d\u00e9veloppeur cr\u00e9atif d'origine mauricienne, \u00e9tabli au Canada.","og_url":"https:\/\/the-irreverent-studio.ca\/fr\/a-propos\/","og_site_name":"Studio L&#039;irr\u00e9v\u00e9rence","article_modified_time":"2024-01-10T18:48:13+00:00","og_image":[{"width":1980,"height":1980,"url":"http:\/\/the-irreverent-studio.ca\/fr\/wp-content\/uploads\/sites\/2\/2023\/12\/profile-pic.jpeg","type":"image\/jpeg"}],"twitter_card":"summary_large_image","twitter_misc":{"Estimation du temps de lecture":"3 minutes"},"schema":{"@context":"https:\/\/schema.org","@graph":[{"@type":"WebPage","@id":"https:\/\/the-irreverent-studio.ca\/fr\/a-propos\/","url":"https:\/\/the-irreverent-studio.ca\/fr\/a-propos\/","name":"\u00c0 propos - Studio L&#039;irr\u00e9v\u00e9rence","isPartOf":{"@id":"https:\/\/the-irreverent-studio.ca\/fr\/#website"},"primaryImageOfPage":{"@id":"https:\/\/the-irreverent-studio.ca\/fr\/a-propos\/#primaryimage"},"image":{"@id":"https:\/\/the-irreverent-studio.ca\/fr\/a-propos\/#primaryimage"},"thumbnailUrl":"https:\/\/the-irreverent-studio.ca\/fr\/wp-content\/uploads\/sites\/2\/2023\/12\/profile-pic.jpeg","datePublished":"2022-07-17T20:24:42+00:00","dateModified":"2024-01-10T18:48:13+00:00","description":"Leanne Suen Fa est designer UI\/UX et d\u00e9veloppeur cr\u00e9atif d'origine mauricienne, \u00e9tabli au Canada.","breadcrumb":{"@id":"https:\/\/the-irreverent-studio.ca\/fr\/a-propos\/#breadcrumb"},"inLanguage":"fr-CA","potentialAction":[{"@type":"ReadAction","target":["https:\/\/the-irreverent-studio.ca\/fr\/a-propos\/"]}]},{"@type":"ImageObject","inLanguage":"fr-CA","@id":"https:\/\/the-irreverent-studio.ca\/fr\/a-propos\/#primaryimage","url":"https:\/\/the-irreverent-studio.ca\/fr\/wp-content\/uploads\/sites\/2\/2023\/12\/profile-pic.jpeg","contentUrl":"https:\/\/the-irreverent-studio.ca\/fr\/wp-content\/uploads\/sites\/2\/2023\/12\/profile-pic.jpeg","width":1980,"height":1980},{"@type":"BreadcrumbList","@id":"https:\/\/the-irreverent-studio.ca\/fr\/a-propos\/#breadcrumb","itemListElement":[{"@type":"ListItem","position":1,"name":"Home","item":"https:\/\/the-irreverent-studio.ca\/fr\/"},{"@type":"ListItem","position":2,"name":"\u00c0 propos"}]},{"@type":"WebSite","@id":"https:\/\/the-irreverent-studio.ca\/fr\/#website","url":"https:\/\/the-irreverent-studio.ca\/fr\/","name":"Studio L&#039;irr\u00e9v\u00e9rence","description":"DE L&#039;EXPERTISE COMPLEXE \u00c0 LA SIMPLICIT\u00c9 DESIGN - irr\u00e9v\u00e9rencieusement","publisher":{"@id":"https:\/\/the-irreverent-studio.ca\/fr\/#organization"},"potentialAction":[{"@type":"SearchAction","target":{"@type":"EntryPoint","urlTemplate":"https:\/\/the-irreverent-studio.ca\/fr\/?s={search_term_string}"},"query-input":{"@type":"PropertyValueSpecification","valueRequired":true,"valueName":"search_term_string"}}],"inLanguage":"fr-CA"},{"@type":"Organization","@id":"https:\/\/the-irreverent-studio.ca\/fr\/#organization","name":"Studio L&#039;irr\u00e9v\u00e9rence","url":"https:\/\/the-irreverent-studio.ca\/fr\/","logo":{"@type":"ImageObject","inLanguage":"fr-CA","@id":"https:\/\/the-irreverent-studio.ca\/fr\/#\/schema\/logo\/image\/","url":"https:\/\/the-irreverent-studio.ca\/fr\/wp-content\/uploads\/sites\/2\/2023\/12\/logo-02.png","contentUrl":"https:\/\/the-irreverent-studio.ca\/fr\/wp-content\/uploads\/sites\/2\/2023\/12\/logo-02.png","width":100,"height":100,"caption":"Studio L&#039;irr\u00e9v\u00e9rence"},"image":{"@id":"https:\/\/the-irreverent-studio.ca\/fr\/#\/schema\/logo\/image\/"}}]}},"_links":{"self":[{"href":"https:\/\/the-irreverent-studio.ca\/fr\/wp-json\/wp\/v2\/pages\/15","targetHints":{"allow":["GET"]}}],"collection":[{"href":"https:\/\/the-irreverent-studio.ca\/fr\/wp-json\/wp\/v2\/pages"}],"about":[{"href":"https:\/\/the-irreverent-studio.ca\/fr\/wp-json\/wp\/v2\/types\/page"}],"author":[{"embeddable":true,"href":"https:\/\/the-irreverent-studio.ca\/fr\/wp-json\/wp\/v2\/users\/1"}],"replies":[{"embeddable":true,"href":"https:\/\/the-irreverent-studio.ca\/fr\/wp-json\/wp\/v2\/comments?post=15"}],"version-history":[{"count":0,"href":"https:\/\/the-irreverent-studio.ca\/fr\/wp-json\/wp\/v2\/pages\/15\/revisions"}],"wp:featuredmedia":[{"embeddable":true,"href":"https:\/\/the-irreverent-studio.ca\/fr\/wp-json\/wp\/v2\/media\/551"}],"wp:attachment":[{"href":"https:\/\/the-irreverent-studio.ca\/fr\/wp-json\/wp\/v2\/media?parent=15"}],"curies":[{"name":"wp","href":"https:\/\/api.w.org\/{rel}","templated":true}]}}