
{"id":371,"date":"2023-11-23T02:22:01","date_gmt":"2023-11-23T02:22:01","guid":{"rendered":"http:\/\/portfolio.local\/?page_id=371"},"modified":"2023-11-23T02:22:01","modified_gmt":"2023-11-23T02:22:01","slug":"services","status":"publish","type":"page","link":"https:\/\/the-irreverent-studio.ca\/fr\/services\/","title":{"rendered":"Services"},"content":{"rendered":"\n<h1 class=\"wp-block-heading title page-title has-large-font-size\" style=\"text-transform:uppercase\">Nous aidons les organisations \u00e0 transformer le savoir en action.<\/h1>\n\n\n\n<p>Nous sommes sp\u00e9cialis\u00e9s dans l&rsquo;identit\u00e9 de marque, l&rsquo;UX\/UI et les services de design graphique pour les organisations dont la mission est de cr\u00e9er un impact dans le monde gr\u00e2ce \u00e0 la recherche fond\u00e9e sur des donn\u00e9es probantes.<\/p>\n\n\n\n<div style=\"height:2em\" aria-hidden=\"true\" class=\"wp-block-spacer\"><\/div>\n\n\n\n<div class=\"wp-block-columns service-table is-layout-flex wp-container-core-columns-is-layout-9d6595d7 wp-block-columns-is-layout-flex\">\n<div class=\"wp-block-column services-table is-layout-flow wp-block-column-is-layout-flow\">\n<div class=\"wp-block-columns is-layout-flex wp-container-core-columns-is-layout-9d6595d7 wp-block-columns-is-layout-flex\">\n<div class=\"wp-block-column is-layout-flow wp-block-column-is-layout-flow\" style=\"flex-basis:66.66%\">\n<div class=\"wp-block-group\"><div class=\"wp-block-group__inner-container is-layout-constrained wp-block-group-is-layout-constrained\">\n<div class=\"wp-block-columns is-layout-flex wp-container-core-columns-is-layout-9d6595d7 wp-block-columns-is-layout-flex\">\n<div class=\"wp-block-column is-layout-flow wp-block-column-is-layout-flow\">\n<h2 class=\"wp-block-heading\" style=\"font-style:normal;font-weight:700\">Comment nous cr\u00e9ons un impact<\/h2>\n\n\n\n<div style=\"height:1em\" aria-hidden=\"true\" class=\"wp-block-spacer\"><\/div>\n\n\n\n<h2 class=\"wp-block-heading has-medium-font-size\" style=\"font-style:italic;font-weight:600\">01\/\/    Branding<\/h2>\n\n\n\n<div style=\"height:1em\" aria-hidden=\"true\" class=\"wp-block-spacer\"><\/div>\n\n\n\n<p>01\/\/ Branding<\/p>\n\n\n\n<p>Une marque convaincante peut transformer une institution complexe en une entit\u00e9 accessible et digne de confiance. Qu&rsquo;il s&rsquo;agisse d&rsquo;une institution de recherche, d&rsquo;une organisation \u00e0 but non lucratif ou d&rsquo;une plateforme \u00e9ducative, nous vous aidons \u00e0 cr\u00e9er une marque puissante qui \u00e9tablit la cr\u00e9dibilit\u00e9 aupr\u00e8s de votre public.<\/p>\n\n\n\n<div style=\"height:1em\" aria-hidden=\"true\" class=\"wp-block-spacer\"><\/div>\n\n\n\n<h2 class=\"wp-block-heading has-medium-font-size\" style=\"font-style:normal;font-weight:600\">02\/\/ Design UX\/UI<\/h2>\n\n\n\n<div style=\"height:1em\" aria-hidden=\"true\" class=\"wp-block-spacer\"><\/div>\n\n\n\n<p>Avec des interfaces intuitives et des exp\u00e9riences utilisateur captivantes, nous nous assurons que le savoir n&rsquo;est qu&rsquo;\u00e0 un clic, que ce soit pour les chercheurs, les professionnels ou le grand public.<\/p>\n\n\n\n<div style=\"height:1em\" aria-hidden=\"true\" class=\"wp-block-spacer\"><\/div>\n\n\n\n<h2 class=\"wp-block-heading has-medium-font-size\" style=\"font-style:italic;font-weight:600\">03\/\/ Graphisme<\/h2>\n\n\n\n<div style=\"height:1em\" aria-hidden=\"true\" class=\"wp-block-spacer\"><\/div>\n\n\n\n<p>Des infographies accrocheuses et illustrations informatives aux exp\u00e9riences num\u00e9riques captivantes \u00e0 travers les livres \u00e9lectroniques, les rapports et les guides, nous concevons des visuels impressionnants qui simplifient et clarifient l&rsquo;information complexe.<\/p>\n<\/div>\n<\/div>\n<\/div><\/div>\n<\/div>\n\n\n\n<div class=\"wp-block-column is-layout-flow wp-block-column-is-layout-flow\">\n<div style=\"height:50px\" aria-hidden=\"true\" class=\"wp-block-spacer\"><\/div>\n<\/div>\n\n\n\n<div class=\"wp-block-column services-wrapper is-layout-flow wp-block-column-is-layout-flow\" style=\"flex-basis:25%\">\n<h2 class=\"wp-block-heading\" style=\"font-style:normal;font-weight:700\">Services<\/h2>\n\n\n\n<div style=\"height:1em\" aria-hidden=\"true\" class=\"wp-block-spacer\"><\/div>\n\n\n\n<ul class=\"services-list wp-block-list\">\n<li>Identit\u00e9 de marque<\/li>\n\n\n\n<li>Syst\u00e8me de design<\/li>\n\n\n\n<li class=\"services-list\">Exp\u00e9rience utilisateur<\/li>\n\n\n\n<li>Web Design<\/li>\n\n\n\n<li>D\u00e9veloppement web<\/li>\n\n\n\n<li>D\u00e9veloppement web vavec CMS<\/li>\n\n\n\n<li> Infographies<\/li>\n\n\n\n<li>Social media<\/li>\n\n\n\n<li>Documents digitaux<\/li>\n<\/ul>\n<\/div>\n<\/div>\n<\/div>\n<\/div>\n","protected":false},"excerpt":{"rendered":"<p>Nous aidons les organisations \u00e0 transformer le savoir en action. Nous sommes sp\u00e9cialis\u00e9s dans l&rsquo;identit\u00e9 de marque, l&rsquo;UX\/UI et les services de design graphique pour les organisations dont la mission est de cr\u00e9er un impact dans le monde gr\u00e2ce \u00e0 la recherche fond\u00e9e sur des donn\u00e9es probantes. Comment nous cr\u00e9ons un impact 01\/\/ Branding 01\/\/ <a href=\"https:\/\/the-irreverent-studio.ca\/fr\/services\/\" class=\"more-link\">&#8230;<span class=\"screen-reader-text\">  Services<\/span><\/a><\/p>\n","protected":false},"author":1,"featured_media":0,"parent":0,"menu_order":0,"comment_status":"closed","ping_status":"closed","template":"","meta":{"_acf_changed":false,"footnotes":""},"class_list":["post-371","page","type-page","status-publish","hentry"],"acf":[],"yoast_head":"<!-- This site is optimized with the Yoast SEO plugin v25.0 - https:\/\/yoast.com\/wordpress\/plugins\/seo\/ -->\n<title>Services - Studio L&#039;irr\u00e9v\u00e9rence<\/title>\n<meta name=\"robots\" content=\"index, follow, max-snippet:-1, max-image-preview:large, max-video-preview:-1\" \/>\n<link rel=\"canonical\" href=\"https:\/\/the-irreverent-studio.ca\/fr\/services\/\" \/>\n<meta property=\"og:locale\" content=\"fr_CA\" \/>\n<meta property=\"og:type\" content=\"article\" \/>\n<meta property=\"og:title\" content=\"Services - Studio L&#039;irr\u00e9v\u00e9rence\" \/>\n<meta property=\"og:description\" content=\"Nous aidons les organisations \u00e0 transformer le savoir en action. Nous sommes sp\u00e9cialis\u00e9s dans l&rsquo;identit\u00e9 de marque, l&rsquo;UX\/UI et les services de design graphique pour les organisations dont la mission est de cr\u00e9er un impact dans le monde gr\u00e2ce \u00e0 la recherche fond\u00e9e sur des donn\u00e9es probantes. Comment nous cr\u00e9ons un impact 01\/\/ Branding 01\/\/ ... Services\" \/>\n<meta property=\"og:url\" content=\"https:\/\/the-irreverent-studio.ca\/fr\/services\/\" \/>\n<meta property=\"og:site_name\" content=\"Studio L&#039;irr\u00e9v\u00e9rence\" \/>\n<meta name=\"twitter:card\" content=\"summary_large_image\" \/>\n<meta name=\"twitter:label1\" content=\"Estimation du temps de lecture\" \/>\n\t<meta name=\"twitter:data1\" content=\"1 minute\" \/>\n<script type=\"application\/ld+json\" class=\"yoast-schema-graph\">{\"@context\":\"https:\/\/schema.org\",\"@graph\":[{\"@type\":\"WebPage\",\"@id\":\"https:\/\/the-irreverent-studio.ca\/fr\/services\/\",\"url\":\"https:\/\/the-irreverent-studio.ca\/fr\/services\/\",\"name\":\"Services - Studio L&#039;irr\u00e9v\u00e9rence\",\"isPartOf\":{\"@id\":\"https:\/\/the-irreverent-studio.ca\/fr\/#website\"},\"datePublished\":\"2023-11-23T02:22:01+00:00\",\"breadcrumb\":{\"@id\":\"https:\/\/the-irreverent-studio.ca\/fr\/services\/#breadcrumb\"},\"inLanguage\":\"fr-CA\",\"potentialAction\":[{\"@type\":\"ReadAction\",\"target\":[\"https:\/\/the-irreverent-studio.ca\/fr\/services\/\"]}]},{\"@type\":\"BreadcrumbList\",\"@id\":\"https:\/\/the-irreverent-studio.ca\/fr\/services\/#breadcrumb\",\"itemListElement\":[{\"@type\":\"ListItem\",\"position\":1,\"name\":\"Home\",\"item\":\"https:\/\/the-irreverent-studio.ca\/fr\/\"},{\"@type\":\"ListItem\",\"position\":2,\"name\":\"Services\"}]},{\"@type\":\"WebSite\",\"@id\":\"https:\/\/the-irreverent-studio.ca\/fr\/#website\",\"url\":\"https:\/\/the-irreverent-studio.ca\/fr\/\",\"name\":\"Studio L&#039;irr\u00e9v\u00e9rence\",\"description\":\"DE L&#039;EXPERTISE COMPLEXE \u00c0 LA SIMPLICIT\u00c9 DESIGN - irr\u00e9v\u00e9rencieusement\",\"publisher\":{\"@id\":\"https:\/\/the-irreverent-studio.ca\/fr\/#organization\"},\"potentialAction\":[{\"@type\":\"SearchAction\",\"target\":{\"@type\":\"EntryPoint\",\"urlTemplate\":\"https:\/\/the-irreverent-studio.ca\/fr\/?s={search_term_string}\"},\"query-input\":{\"@type\":\"PropertyValueSpecification\",\"valueRequired\":true,\"valueName\":\"search_term_string\"}}],\"inLanguage\":\"fr-CA\"},{\"@type\":\"Organization\",\"@id\":\"https:\/\/the-irreverent-studio.ca\/fr\/#organization\",\"name\":\"Studio L&#039;irr\u00e9v\u00e9rence\",\"url\":\"https:\/\/the-irreverent-studio.ca\/fr\/\",\"logo\":{\"@type\":\"ImageObject\",\"inLanguage\":\"fr-CA\",\"@id\":\"https:\/\/the-irreverent-studio.ca\/fr\/#\/schema\/logo\/image\/\",\"url\":\"https:\/\/the-irreverent-studio.ca\/fr\/wp-content\/uploads\/sites\/2\/2023\/12\/logo-02.png\",\"contentUrl\":\"https:\/\/the-irreverent-studio.ca\/fr\/wp-content\/uploads\/sites\/2\/2023\/12\/logo-02.png\",\"width\":100,\"height\":100,\"caption\":\"Studio L&#039;irr\u00e9v\u00e9rence\"},\"image\":{\"@id\":\"https:\/\/the-irreverent-studio.ca\/fr\/#\/schema\/logo\/image\/\"}}]}<\/script>\n<!-- \/ Yoast SEO plugin. -->","yoast_head_json":{"title":"Services - Studio L&#039;irr\u00e9v\u00e9rence","robots":{"index":"index","follow":"follow","max-snippet":"max-snippet:-1","max-image-preview":"max-image-preview:large","max-video-preview":"max-video-preview:-1"},"canonical":"https:\/\/the-irreverent-studio.ca\/fr\/services\/","og_locale":"fr_CA","og_type":"article","og_title":"Services - Studio L&#039;irr\u00e9v\u00e9rence","og_description":"Nous aidons les organisations \u00e0 transformer le savoir en action. Nous sommes sp\u00e9cialis\u00e9s dans l&rsquo;identit\u00e9 de marque, l&rsquo;UX\/UI et les services de design graphique pour les organisations dont la mission est de cr\u00e9er un impact dans le monde gr\u00e2ce \u00e0 la recherche fond\u00e9e sur des donn\u00e9es probantes. Comment nous cr\u00e9ons un impact 01\/\/ Branding 01\/\/ ... Services","og_url":"https:\/\/the-irreverent-studio.ca\/fr\/services\/","og_site_name":"Studio L&#039;irr\u00e9v\u00e9rence","twitter_card":"summary_large_image","twitter_misc":{"Estimation du temps de lecture":"1 minute"},"schema":{"@context":"https:\/\/schema.org","@graph":[{"@type":"WebPage","@id":"https:\/\/the-irreverent-studio.ca\/fr\/services\/","url":"https:\/\/the-irreverent-studio.ca\/fr\/services\/","name":"Services - Studio L&#039;irr\u00e9v\u00e9rence","isPartOf":{"@id":"https:\/\/the-irreverent-studio.ca\/fr\/#website"},"datePublished":"2023-11-23T02:22:01+00:00","breadcrumb":{"@id":"https:\/\/the-irreverent-studio.ca\/fr\/services\/#breadcrumb"},"inLanguage":"fr-CA","potentialAction":[{"@type":"ReadAction","target":["https:\/\/the-irreverent-studio.ca\/fr\/services\/"]}]},{"@type":"BreadcrumbList","@id":"https:\/\/the-irreverent-studio.ca\/fr\/services\/#breadcrumb","itemListElement":[{"@type":"ListItem","position":1,"name":"Home","item":"https:\/\/the-irreverent-studio.ca\/fr\/"},{"@type":"ListItem","position":2,"name":"Services"}]},{"@type":"WebSite","@id":"https:\/\/the-irreverent-studio.ca\/fr\/#website","url":"https:\/\/the-irreverent-studio.ca\/fr\/","name":"Studio L&#039;irr\u00e9v\u00e9rence","description":"DE L&#039;EXPERTISE COMPLEXE \u00c0 LA SIMPLICIT\u00c9 DESIGN - irr\u00e9v\u00e9rencieusement","publisher":{"@id":"https:\/\/the-irreverent-studio.ca\/fr\/#organization"},"potentialAction":[{"@type":"SearchAction","target":{"@type":"EntryPoint","urlTemplate":"https:\/\/the-irreverent-studio.ca\/fr\/?s={search_term_string}"},"query-input":{"@type":"PropertyValueSpecification","valueRequired":true,"valueName":"search_term_string"}}],"inLanguage":"fr-CA"},{"@type":"Organization","@id":"https:\/\/the-irreverent-studio.ca\/fr\/#organization","name":"Studio L&#039;irr\u00e9v\u00e9rence","url":"https:\/\/the-irreverent-studio.ca\/fr\/","logo":{"@type":"ImageObject","inLanguage":"fr-CA","@id":"https:\/\/the-irreverent-studio.ca\/fr\/#\/schema\/logo\/image\/","url":"https:\/\/the-irreverent-studio.ca\/fr\/wp-content\/uploads\/sites\/2\/2023\/12\/logo-02.png","contentUrl":"https:\/\/the-irreverent-studio.ca\/fr\/wp-content\/uploads\/sites\/2\/2023\/12\/logo-02.png","width":100,"height":100,"caption":"Studio L&#039;irr\u00e9v\u00e9rence"},"image":{"@id":"https:\/\/the-irreverent-studio.ca\/fr\/#\/schema\/logo\/image\/"}}]}},"_links":{"self":[{"href":"https:\/\/the-irreverent-studio.ca\/fr\/wp-json\/wp\/v2\/pages\/371","targetHints":{"allow":["GET"]}}],"collection":[{"href":"https:\/\/the-irreverent-studio.ca\/fr\/wp-json\/wp\/v2\/pages"}],"about":[{"href":"https:\/\/the-irreverent-studio.ca\/fr\/wp-json\/wp\/v2\/types\/page"}],"author":[{"embeddable":true,"href":"https:\/\/the-irreverent-studio.ca\/fr\/wp-json\/wp\/v2\/users\/1"}],"replies":[{"embeddable":true,"href":"https:\/\/the-irreverent-studio.ca\/fr\/wp-json\/wp\/v2\/comments?post=371"}],"version-history":[{"count":0,"href":"https:\/\/the-irreverent-studio.ca\/fr\/wp-json\/wp\/v2\/pages\/371\/revisions"}],"wp:attachment":[{"href":"https:\/\/the-irreverent-studio.ca\/fr\/wp-json\/wp\/v2\/media?parent=371"}],"curies":[{"name":"wp","href":"https:\/\/api.w.org\/{rel}","templated":true}]}}