
{"id":46,"date":"2023-02-05T22:52:18","date_gmt":"2023-02-05T22:52:18","guid":{"rendered":"https:\/\/lksuenfa.ca\/?page_id=46"},"modified":"2024-12-04T13:56:17","modified_gmt":"2024-12-04T13:56:17","slug":"contact","status":"publish","type":"page","link":"https:\/\/the-irreverent-studio.ca\/fr\/contact\/","title":{"rendered":"Contact"},"content":{"rendered":"\n<h1 class=\"wp-block-heading title\" style=\"text-transform:uppercase\">Travrailler avec nous vous int\u00e9resse?<\/h1>\n\n\n\n<div style=\"height:4em\" aria-hidden=\"true\" class=\"wp-block-spacer\"><\/div>\n\n\n\n<div class=\"wp-block-columns is-layout-flex wp-container-core-columns-is-layout-9d6595d7 wp-block-columns-is-layout-flex\">\n<div class=\"wp-block-column is-layout-flow wp-block-column-is-layout-flow\" style=\"flex-basis:66.66%\">\n<p>Partagez vos besoins et objectifs actuels via notre formulaire de contact. Nous vous contacterons rapidement pour explorer plus en profondeur vos d\u00e9fis et \u00e9laborer une solution personnalis\u00e9e sp\u00e9cifiquement adapt\u00e9e \u00e0 vos besoins.<\/p>\n\n\n\n<div style=\"height:1em\" aria-hidden=\"true\" class=\"wp-block-spacer\"><\/div>\n\n\n\n<p>Si vous rencontrez des probl\u00e8mes avec votre demande ou si vous souhaitez nous contacter pour toute autre raison, n&rsquo;h\u00e9sitez pas \u00e0 <a href=\"mailto:hello@the-irreverent-studio.ca\">nous envoyer un e-mail directement.<\/a><\/p>\n<\/div>\n\n\n\n<div class=\"wp-block-column is-layout-flow wp-block-column-is-layout-flow\" style=\"flex-basis:33.33%\">\n<p><form id=\"contactForm\" class=\"form\" action=\"https:\/\/docs.google.com\/forms\/u\/1\/d\/e\/1FAIpQLSfTahsT7eWCFWDg_Sivaft-RrDkKNUmMIGDTQushn0JqLBtqQ\/formResponse\" method=\"POST\" target=\"hidden_iframe\" onsubmit=\"submitted=true;\">\n\n\n            <label for=\"fname\" class=\"uppercase\">Nom complet*<\/label><br>\n            <input type=\"text\" id=\"name\" name=\"entry.1541817169\" required=\"\"><br>\n\n            <label for=\"email\" class=\"uppercase\">Email*<\/label><br>\n            <input type=\"text\" id=\"email\" name=\"entry.872320423\" required=\"\"><br>\n\n            <label for=\"tel\" class=\"uppercase\">T\u00e9l\u00e9phone*<\/label><br>\n            <input type=\"text\" id=\"tel\" name=\"entry.1440020422\" required=\"\"><br>\n\n            <label for=\"location\" class=\"uppercase\">Localisation (ville, pays)*<\/label><br>\n            <input type=\"text\" id=\"location\" name=\"entry.614605034\" required=\"\"><br>\n\n            <label for=\"request\" class=\"uppercase\">Comment pouvons nous vous aider ?*<\/label><br>\n            <textarea type=\"text\" class=\"FormRequest\" id=\"request\" name=\"entry.1091631422\" required=\"\"><\/textarea> <br>\n\n            <input class=\"uppercase cursor-effect\" type=\"submit\" value=\"Send\">\n        <\/form><\/p>\n<\/div>\n<\/div>\n","protected":false},"excerpt":{"rendered":"<p>Travrailler avec nous vous int\u00e9resse? Partagez vos besoins et objectifs actuels via notre formulaire de contact. Nous vous contacterons rapidement pour explorer plus en profondeur vos d\u00e9fis et \u00e9laborer une solution personnalis\u00e9e sp\u00e9cifiquement adapt\u00e9e \u00e0 vos besoins. Si vous rencontrez des probl\u00e8mes avec votre demande ou si vous souhaitez nous contacter pour toute autre raison, <a href=\"https:\/\/the-irreverent-studio.ca\/fr\/contact\/\" class=\"more-link\">&#8230;<span class=\"screen-reader-text\">  Contact<\/span><\/a><\/p>\n","protected":false},"author":1,"featured_media":0,"parent":0,"menu_order":0,"comment_status":"closed","ping_status":"closed","template":"page-contact.php","meta":{"_acf_changed":false,"footnotes":""},"class_list":["post-46","page","type-page","status-publish","hentry"],"acf":[],"yoast_head":"<!-- This site is optimized with the Yoast SEO plugin v25.0 - https:\/\/yoast.com\/wordpress\/plugins\/seo\/ -->\n<title>Contact - Studio L&#039;irr\u00e9v\u00e9rence<\/title>\n<meta name=\"robots\" content=\"index, follow, max-snippet:-1, max-image-preview:large, max-video-preview:-1\" \/>\n<link rel=\"canonical\" href=\"https:\/\/the-irreverent-studio.ca\/fr\/contact\/\" \/>\n<meta property=\"og:locale\" content=\"fr_CA\" \/>\n<meta property=\"og:type\" content=\"article\" \/>\n<meta property=\"og:title\" content=\"Contact - Studio L&#039;irr\u00e9v\u00e9rence\" \/>\n<meta property=\"og:description\" content=\"Travrailler avec nous vous int\u00e9resse? Partagez vos besoins et objectifs actuels via notre formulaire de contact. Nous vous contacterons rapidement pour explorer plus en profondeur vos d\u00e9fis et \u00e9laborer une solution personnalis\u00e9e sp\u00e9cifiquement adapt\u00e9e \u00e0 vos besoins. Si vous rencontrez des probl\u00e8mes avec votre demande ou si vous souhaitez nous contacter pour toute autre raison, ... Contact\" \/>\n<meta property=\"og:url\" content=\"https:\/\/the-irreverent-studio.ca\/fr\/contact\/\" \/>\n<meta property=\"og:site_name\" content=\"Studio L&#039;irr\u00e9v\u00e9rence\" \/>\n<meta property=\"article:modified_time\" content=\"2024-12-04T13:56:17+00:00\" \/>\n<meta name=\"twitter:card\" content=\"summary_large_image\" \/>\n<meta name=\"twitter:label1\" content=\"Estimation du temps de lecture\" \/>\n\t<meta name=\"twitter:data1\" content=\"1 minute\" \/>\n<script type=\"application\/ld+json\" class=\"yoast-schema-graph\">{\"@context\":\"https:\/\/schema.org\",\"@graph\":[{\"@type\":\"WebPage\",\"@id\":\"https:\/\/the-irreverent-studio.ca\/fr\/contact\/\",\"url\":\"https:\/\/the-irreverent-studio.ca\/fr\/contact\/\",\"name\":\"Contact - Studio L&#039;irr\u00e9v\u00e9rence\",\"isPartOf\":{\"@id\":\"https:\/\/the-irreverent-studio.ca\/fr\/#website\"},\"datePublished\":\"2023-02-05T22:52:18+00:00\",\"dateModified\":\"2024-12-04T13:56:17+00:00\",\"breadcrumb\":{\"@id\":\"https:\/\/the-irreverent-studio.ca\/fr\/contact\/#breadcrumb\"},\"inLanguage\":\"fr-CA\",\"potentialAction\":[{\"@type\":\"ReadAction\",\"target\":[\"https:\/\/the-irreverent-studio.ca\/fr\/contact\/\"]}]},{\"@type\":\"BreadcrumbList\",\"@id\":\"https:\/\/the-irreverent-studio.ca\/fr\/contact\/#breadcrumb\",\"itemListElement\":[{\"@type\":\"ListItem\",\"position\":1,\"name\":\"Home\",\"item\":\"https:\/\/the-irreverent-studio.ca\/fr\/\"},{\"@type\":\"ListItem\",\"position\":2,\"name\":\"Contact\"}]},{\"@type\":\"WebSite\",\"@id\":\"https:\/\/the-irreverent-studio.ca\/fr\/#website\",\"url\":\"https:\/\/the-irreverent-studio.ca\/fr\/\",\"name\":\"Studio L&#039;irr\u00e9v\u00e9rence\",\"description\":\"DE L&#039;EXPERTISE COMPLEXE \u00c0 LA SIMPLICIT\u00c9 DESIGN - irr\u00e9v\u00e9rencieusement\",\"publisher\":{\"@id\":\"https:\/\/the-irreverent-studio.ca\/fr\/#organization\"},\"potentialAction\":[{\"@type\":\"SearchAction\",\"target\":{\"@type\":\"EntryPoint\",\"urlTemplate\":\"https:\/\/the-irreverent-studio.ca\/fr\/?s={search_term_string}\"},\"query-input\":{\"@type\":\"PropertyValueSpecification\",\"valueRequired\":true,\"valueName\":\"search_term_string\"}}],\"inLanguage\":\"fr-CA\"},{\"@type\":\"Organization\",\"@id\":\"https:\/\/the-irreverent-studio.ca\/fr\/#organization\",\"name\":\"Studio L&#039;irr\u00e9v\u00e9rence\",\"url\":\"https:\/\/the-irreverent-studio.ca\/fr\/\",\"logo\":{\"@type\":\"ImageObject\",\"inLanguage\":\"fr-CA\",\"@id\":\"https:\/\/the-irreverent-studio.ca\/fr\/#\/schema\/logo\/image\/\",\"url\":\"https:\/\/the-irreverent-studio.ca\/fr\/wp-content\/uploads\/sites\/2\/2023\/12\/logo-02.png\",\"contentUrl\":\"https:\/\/the-irreverent-studio.ca\/fr\/wp-content\/uploads\/sites\/2\/2023\/12\/logo-02.png\",\"width\":100,\"height\":100,\"caption\":\"Studio L&#039;irr\u00e9v\u00e9rence\"},\"image\":{\"@id\":\"https:\/\/the-irreverent-studio.ca\/fr\/#\/schema\/logo\/image\/\"}}]}<\/script>\n<!-- \/ Yoast SEO plugin. -->","yoast_head_json":{"title":"Contact - Studio L&#039;irr\u00e9v\u00e9rence","robots":{"index":"index","follow":"follow","max-snippet":"max-snippet:-1","max-image-preview":"max-image-preview:large","max-video-preview":"max-video-preview:-1"},"canonical":"https:\/\/the-irreverent-studio.ca\/fr\/contact\/","og_locale":"fr_CA","og_type":"article","og_title":"Contact - Studio L&#039;irr\u00e9v\u00e9rence","og_description":"Travrailler avec nous vous int\u00e9resse? Partagez vos besoins et objectifs actuels via notre formulaire de contact. Nous vous contacterons rapidement pour explorer plus en profondeur vos d\u00e9fis et \u00e9laborer une solution personnalis\u00e9e sp\u00e9cifiquement adapt\u00e9e \u00e0 vos besoins. Si vous rencontrez des probl\u00e8mes avec votre demande ou si vous souhaitez nous contacter pour toute autre raison, ... Contact","og_url":"https:\/\/the-irreverent-studio.ca\/fr\/contact\/","og_site_name":"Studio L&#039;irr\u00e9v\u00e9rence","article_modified_time":"2024-12-04T13:56:17+00:00","twitter_card":"summary_large_image","twitter_misc":{"Estimation du temps de lecture":"1 minute"},"schema":{"@context":"https:\/\/schema.org","@graph":[{"@type":"WebPage","@id":"https:\/\/the-irreverent-studio.ca\/fr\/contact\/","url":"https:\/\/the-irreverent-studio.ca\/fr\/contact\/","name":"Contact - Studio L&#039;irr\u00e9v\u00e9rence","isPartOf":{"@id":"https:\/\/the-irreverent-studio.ca\/fr\/#website"},"datePublished":"2023-02-05T22:52:18+00:00","dateModified":"2024-12-04T13:56:17+00:00","breadcrumb":{"@id":"https:\/\/the-irreverent-studio.ca\/fr\/contact\/#breadcrumb"},"inLanguage":"fr-CA","potentialAction":[{"@type":"ReadAction","target":["https:\/\/the-irreverent-studio.ca\/fr\/contact\/"]}]},{"@type":"BreadcrumbList","@id":"https:\/\/the-irreverent-studio.ca\/fr\/contact\/#breadcrumb","itemListElement":[{"@type":"ListItem","position":1,"name":"Home","item":"https:\/\/the-irreverent-studio.ca\/fr\/"},{"@type":"ListItem","position":2,"name":"Contact"}]},{"@type":"WebSite","@id":"https:\/\/the-irreverent-studio.ca\/fr\/#website","url":"https:\/\/the-irreverent-studio.ca\/fr\/","name":"Studio L&#039;irr\u00e9v\u00e9rence","description":"DE L&#039;EXPERTISE COMPLEXE \u00c0 LA SIMPLICIT\u00c9 DESIGN - irr\u00e9v\u00e9rencieusement","publisher":{"@id":"https:\/\/the-irreverent-studio.ca\/fr\/#organization"},"potentialAction":[{"@type":"SearchAction","target":{"@type":"EntryPoint","urlTemplate":"https:\/\/the-irreverent-studio.ca\/fr\/?s={search_term_string}"},"query-input":{"@type":"PropertyValueSpecification","valueRequired":true,"valueName":"search_term_string"}}],"inLanguage":"fr-CA"},{"@type":"Organization","@id":"https:\/\/the-irreverent-studio.ca\/fr\/#organization","name":"Studio L&#039;irr\u00e9v\u00e9rence","url":"https:\/\/the-irreverent-studio.ca\/fr\/","logo":{"@type":"ImageObject","inLanguage":"fr-CA","@id":"https:\/\/the-irreverent-studio.ca\/fr\/#\/schema\/logo\/image\/","url":"https:\/\/the-irreverent-studio.ca\/fr\/wp-content\/uploads\/sites\/2\/2023\/12\/logo-02.png","contentUrl":"https:\/\/the-irreverent-studio.ca\/fr\/wp-content\/uploads\/sites\/2\/2023\/12\/logo-02.png","width":100,"height":100,"caption":"Studio L&#039;irr\u00e9v\u00e9rence"},"image":{"@id":"https:\/\/the-irreverent-studio.ca\/fr\/#\/schema\/logo\/image\/"}}]}},"_links":{"self":[{"href":"https:\/\/the-irreverent-studio.ca\/fr\/wp-json\/wp\/v2\/pages\/46","targetHints":{"allow":["GET"]}}],"collection":[{"href":"https:\/\/the-irreverent-studio.ca\/fr\/wp-json\/wp\/v2\/pages"}],"about":[{"href":"https:\/\/the-irreverent-studio.ca\/fr\/wp-json\/wp\/v2\/types\/page"}],"author":[{"embeddable":true,"href":"https:\/\/the-irreverent-studio.ca\/fr\/wp-json\/wp\/v2\/users\/1"}],"replies":[{"embeddable":true,"href":"https:\/\/the-irreverent-studio.ca\/fr\/wp-json\/wp\/v2\/comments?post=46"}],"version-history":[{"count":2,"href":"https:\/\/the-irreverent-studio.ca\/fr\/wp-json\/wp\/v2\/pages\/46\/revisions"}],"predecessor-version":[{"id":692,"href":"https:\/\/the-irreverent-studio.ca\/fr\/wp-json\/wp\/v2\/pages\/46\/revisions\/692"}],"wp:attachment":[{"href":"https:\/\/the-irreverent-studio.ca\/fr\/wp-json\/wp\/v2\/media?parent=46"}],"curies":[{"name":"wp","href":"https:\/\/api.w.org\/{rel}","templated":true}]}}