
{"id":543,"date":"2023-11-08T22:57:21","date_gmt":"2023-11-08T22:57:21","guid":{"rendered":"http:\/\/portfolio.local\/?page_id=3"},"modified":"2024-01-03T19:38:28","modified_gmt":"2024-01-03T19:38:28","slug":"politque-de-confidentialite","status":"publish","type":"page","link":"https:\/\/the-irreverent-studio.ca\/fr\/politque-de-confidentialite\/","title":{"rendered":"Politique de confidentialit\u00e9"},"content":{"rendered":"\n<h1 class=\"wp-block-heading\">Politique de confidentialit\u00e9<\/h1>\n\n\n\n<div style=\"height:3em\" aria-hidden=\"true\" class=\"wp-block-spacer\"><\/div>\n\n\n\n<p><br>Derni\u00e8re mise \u00e0 jour le 19 d\u00e9cembre 2023<br>Date d&rsquo;entr\u00e9e en vigueur : 19 d\u00e9cembre 2023<\/p>\n\n\n\n<div style=\"height:3em\" aria-hidden=\"true\" class=\"wp-block-spacer\"><\/div>\n\n\n\n<div style=\"height:1em\" aria-hidden=\"true\" class=\"wp-block-spacer\"><\/div>\n\n\n\n<p>Cette Politique de confidentialit\u00e9 d\u00e9crit les politiques du Studio L&rsquo;irr\u00e9verence, email : hello@the-irreverent-studio.ca concernant la collecte, l&rsquo;utilisation et la divulgation de vos informations que nous recueillons lorsque vous utilisez notre site Web (the-irreverent-studio.ca) (le \u00ab\u00a0Service\u00a0\u00bb). En acc\u00e9dant ou en utilisant le Service, vous consentez \u00e0 la collecte, \u00e0 l&rsquo;utilisation et \u00e0 la divulgation de vos informations conform\u00e9ment \u00e0 cette Politique de confidentialit\u00e9. Si vous ne consentez pas \u00e0 cela, veuillez ne pas acc\u00e9der ou utiliser le Service.<\/p>\n\n\n\n<div style=\"height:1em\" aria-hidden=\"true\" class=\"wp-block-spacer\"><\/div>\n\n\n\n<p>Nous pouvons modifier cette Politique de confidentialit\u00e9 \u00e0 tout moment sans aucun pr\u00e9avis et publierons la Politique de confidentialit\u00e9 r\u00e9vis\u00e9e sur le Service. La Politique r\u00e9vis\u00e9e entrera en vigueur 180 jours apr\u00e8s sa publication sur le Service et votre acc\u00e8s continu ou votre utilisation du Service apr\u00e8s ce d\u00e9lai constituera votre acceptation de la Politique de confidentialit\u00e9 r\u00e9vis\u00e9e. Nous vous recommandons donc de consulter p\u00e9riodiquement cette page.<\/p>\n\n\n\n<div style=\"height:1em\" aria-hidden=\"true\" class=\"wp-block-spacer\"><\/div>\n\n\n\n<p><strong>Informations que nous recueillons :<\/strong><br>Nous recueillerons et traiterons les informations personnelles suivantes vous concernant :<\/p>\n\n\n\n<ul class=\"wp-block-list\">\n<li>Nom<\/li>\n\n\n\n<li>Email<\/li>\n\n\n\n<li>Mobile<\/li>\n<\/ul>\n\n\n\n<div style=\"height:1em\" aria-hidden=\"true\" class=\"wp-block-spacer\"><\/div>\n\n\n\n<p><strong>Comment nous utilisons vos informations :<\/strong><br>Nous utiliserons les informations que nous recueillons \u00e0 votre sujet aux fins suivantes :<\/p>\n\n\n\n<ul class=\"wp-block-list\">\n<li>Marketing \/ Promotion<\/li>\n\n\n\n<li>T\u00e9moignages<\/li>\n\n\n\n<li>Traitement des paiements<\/li>\n\n\n\n<li>Support<\/li>\n\n\n\n<li>Informations administratives<\/li>\n\n\n\n<li>Gestion des commandes clients<\/li>\n\n\n\n<li>Protection du site<br>Si nous souhaitons utiliser vos informations \u00e0 toute autre fin, nous vous demanderons votre consentement et n&rsquo;utiliserons vos informations qu&rsquo;apr\u00e8s avoir re\u00e7u votre consentement, et ce, uniquement pour le(s) but(s) pour le(s)quel(s) vous avez donn\u00e9 votre consentement, sauf si la loi nous oblige \u00e0 agir autrement.<\/li>\n<\/ul>\n\n\n\n<div style=\"height:1em\" aria-hidden=\"true\" class=\"wp-block-spacer\"><\/div>\n\n\n\n<p><strong>Comment nous partageons vos informations :<\/strong><br>Nous ne transf\u00e9rerons pas vos informations personnelles \u00e0 des tiers sans votre consentement, sauf dans des circonstances limit\u00e9es d\u00e9crites ci-dessous :<\/p>\n\n\n\n<ul class=\"wp-block-list\">\n<li>Analytique<br>Nous demandons \u00e0 ces tiers d&rsquo;utiliser les informations personnelles que nous leur transf\u00e9rons uniquement dans le but pour lequel elles ont \u00e9t\u00e9 transf\u00e9r\u00e9es et de ne pas les conserver plus longtemps que n\u00e9cessaire pour remplir ledit objectif.<br>Nous pouvons \u00e9galement divulguer vos informations personnelles pour les raisons suivantes : (1) pour se conformer \u00e0 la loi applicable, \u00e0 la r\u00e9glementation, \u00e0 une ordonnance judiciaire ou \u00e0 toute autre proc\u00e9dure l\u00e9gale ; (2) pour faire respecter vos accords avec nous, y compris cette Politique de confidentialit\u00e9 ; ou (3) pour r\u00e9pondre \u00e0 des r\u00e9clamations selon lesquelles votre utilisation du Service violerait les droits de tiers. Si le Service ou notre entreprise est fusionn\u00e9 ou acquis par une autre entreprise, vos informations seront l&rsquo;un des actifs transf\u00e9r\u00e9s au nouveau propri\u00e9taire.<\/li>\n<\/ul>\n\n\n\n<div style=\"height:1em\" aria-hidden=\"true\" class=\"wp-block-spacer\"><\/div>\n\n\n\n<p><strong>Conservation de vos informations :<\/strong><br>Nous conserverons vos informations personnelles avec nous pendant 90 jours \u00e0 2 ans apr\u00e8s la r\u00e9siliation des comptes des utilisateurs ou aussi longtemps que n\u00e9cessaire pour remplir les objectifs pour lesquels elles ont \u00e9t\u00e9 collect\u00e9es comme d\u00e9taill\u00e9 dans cette Politique de confidentialit\u00e9. Nous pouvons avoir besoin de conserver certaines informations pendant des p\u00e9riodes plus longues telles que la tenue de dossiers \/ le reporting conform\u00e9ment \u00e0 la loi applicable ou pour d&rsquo;autres raisons l\u00e9gitimes telles que l&rsquo;application des droits l\u00e9gaux, la pr\u00e9vention de la fraude, etc. Les informations anonymis\u00e9es r\u00e9siduelles et les informations agr\u00e9g\u00e9es, qui ne vous identifient pas (directement ou indirectement), peuvent \u00eatre stock\u00e9es ind\u00e9finiment.<\/p>\n\n\n\n<div style=\"height:1em\" aria-hidden=\"true\" class=\"wp-block-spacer\"><\/div>\n\n\n\n<p><strong>Vos droits :<\/strong><br>Selon la loi applicable, vous pouvez avoir le droit d&rsquo;acc\u00e9der \u00e0 vos donn\u00e9es personnelles, de les rectifier ou de les effacer, de recevoir une copie de vos donn\u00e9es personnelles, de restreindre ou de vous opposer au traitement actif de vos donn\u00e9es, de nous demander de partager (porter) vos informations personnelles \u00e0 une autre entit\u00e9, de retirer tout consentement que vous nous avez fourni pour traiter vos donn\u00e9es, le droit de d\u00e9poser une plainte aupr\u00e8s d&rsquo;une autorit\u00e9 statutaire et d&rsquo;autres droits pertinents selon les lois applicables. Pour exercer ces droits, vous pouvez nous \u00e9crire \u00e0 hello@studio.ca. Nous r\u00e9pondrons \u00e0 votre demande conform\u00e9ment \u00e0 la loi applicable.<\/p>\n\n\n\n<div style=\"height:1em\" aria-hidden=\"true\" class=\"wp-block-spacer\"><\/div>\n\n\n\n<p><br>Veuillez noter que si vous ne nous permettez pas de collecter ou de traiter les informations personnelles requises ou de retirer le consentement de traiter les informations pour les finalit\u00e9s requises, vous pourriez ne pas \u00eatre en mesure d&rsquo;acc\u00e9der ou d&rsquo;utiliser les services pour lesquels vos informations \u00e9taient demand\u00e9es.<\/p>\n\n\n\n<div style=\"height:1em\" aria-hidden=\"true\" class=\"wp-block-spacer\"><\/div>\n\n\n\n<p><strong>Cookies, etc. :<\/strong><br>Pour en savoir plus sur la fa\u00e7on dont nous utilisons ces technologies de suivi et vos choix en relation avec ces technologies, veuillez vous r\u00e9f\u00e9rer \u00e0 notre <a href=\"https:\/\/the-irreverent-studio.ca\/fr\/politique-de-temoins\/\">Politique en mati\u00e8re de cookies.<\/a><\/p>\n\n\n\n<div style=\"height:1em\" aria-hidden=\"true\" class=\"wp-block-spacer\"><\/div>\n\n\n\n<p><strong>S\u00e9curit\u00e9 :<\/strong><br>La s\u00e9curit\u00e9 de vos informations est importante pour nous et nous utiliserons des mesures de s\u00e9curit\u00e9 raisonnables pour pr\u00e9venir la perte, l&rsquo;abus ou la modification non autoris\u00e9e de vos informations sous notre contr\u00f4le. Cependant, compte tenu des risques inh\u00e9rents, nous ne pouvons garantir une s\u00e9curit\u00e9 absolue et par cons\u00e9quent, nous ne pouvons assurer ou garantir la s\u00e9curit\u00e9 de toutes les informations que vous nous transmettez et vous le faites \u00e0 vos propres risques.<\/p>\n\n\n\n<div style=\"height:1em\" aria-hidden=\"true\" class=\"wp-block-spacer\"><\/div>\n\n\n\n<p><strong>R\u00e9clamation \/ D\u00e9l\u00e9gu\u00e9 \u00e0 la protection des donn\u00e9es :<\/strong><br>Si vous avez des questions ou des pr\u00e9occupations concernant le traitement de vos informations disponibles aupr\u00e8s de nous, vous pouvez envoyer un e-mail \u00e0 notre responsable des r\u00e9clamations \u00e0 Leanne Suen Fa, email : hello@the-irreverent-studio.ca. Nous traiterons vos pr\u00e9occupations conform\u00e9ment \u00e0 la loi applicable.<\/p>\n\n\n\n<div style=\"height:1em\" aria-hidden=\"true\" class=\"wp-block-spacer\"><\/div>\n\n\n\n<p><strong>Politique de confidentialit\u00e9 g\u00e9n\u00e9r\u00e9e avec CookieYes.<\/strong><\/p>\n","protected":false},"excerpt":{"rendered":"<p>Politique de confidentialit\u00e9 Derni\u00e8re mise \u00e0 jour le 19 d\u00e9cembre 2023Date d&rsquo;entr\u00e9e en vigueur : 19 d\u00e9cembre 2023 Cette Politique de confidentialit\u00e9 d\u00e9crit les politiques du Studio L&rsquo;irr\u00e9verence, email : hello@the-irreverent-studio.ca concernant la collecte, l&rsquo;utilisation et la divulgation de vos informations que nous recueillons lorsque vous utilisez notre site Web (the-irreverent-studio.ca) (le \u00ab\u00a0Service\u00a0\u00bb). En acc\u00e9dant <a href=\"https:\/\/the-irreverent-studio.ca\/fr\/politque-de-confidentialite\/\" class=\"more-link\">&#8230;<span class=\"screen-reader-text\">  Politique de confidentialit\u00e9<\/span><\/a><\/p>\n","protected":false},"author":1,"featured_media":0,"parent":0,"menu_order":0,"comment_status":"closed","ping_status":"closed","template":"","meta":{"_acf_changed":false,"footnotes":""},"class_list":["post-543","page","type-page","status-publish","hentry"],"acf":[],"yoast_head":"<!-- This site is optimized with the Yoast SEO plugin v25.0 - https:\/\/yoast.com\/wordpress\/plugins\/seo\/ -->\n<title>Politique de confidentialit\u00e9 - Studio L&#039;irr\u00e9v\u00e9rence<\/title>\n<meta name=\"robots\" content=\"index, follow, max-snippet:-1, max-image-preview:large, max-video-preview:-1\" \/>\n<link rel=\"canonical\" href=\"https:\/\/the-irreverent-studio.ca\/fr\/politque-de-confidentialite\/\" \/>\n<meta property=\"og:locale\" content=\"fr_CA\" \/>\n<meta property=\"og:type\" content=\"article\" \/>\n<meta property=\"og:title\" content=\"Politique de confidentialit\u00e9 - Studio L&#039;irr\u00e9v\u00e9rence\" \/>\n<meta property=\"og:description\" content=\"Politique de confidentialit\u00e9 Derni\u00e8re mise \u00e0 jour le 19 d\u00e9cembre 2023Date d&rsquo;entr\u00e9e en vigueur : 19 d\u00e9cembre 2023 Cette Politique de confidentialit\u00e9 d\u00e9crit les politiques du Studio L&rsquo;irr\u00e9verence, email : hello@the-irreverent-studio.ca concernant la collecte, l&rsquo;utilisation et la divulgation de vos informations que nous recueillons lorsque vous utilisez notre site Web (the-irreverent-studio.ca) (le \u00ab\u00a0Service\u00a0\u00bb). En acc\u00e9dant ... Politique de confidentialit\u00e9\" \/>\n<meta property=\"og:url\" content=\"https:\/\/the-irreverent-studio.ca\/fr\/politque-de-confidentialite\/\" \/>\n<meta property=\"og:site_name\" content=\"Studio L&#039;irr\u00e9v\u00e9rence\" \/>\n<meta property=\"article:modified_time\" content=\"2024-01-03T19:38:28+00:00\" \/>\n<meta name=\"twitter:card\" content=\"summary_large_image\" \/>\n<meta name=\"twitter:label1\" content=\"Estimation du temps de lecture\" \/>\n\t<meta name=\"twitter:data1\" content=\"5 minutes\" \/>\n<script type=\"application\/ld+json\" class=\"yoast-schema-graph\">{\"@context\":\"https:\/\/schema.org\",\"@graph\":[{\"@type\":\"WebPage\",\"@id\":\"https:\/\/the-irreverent-studio.ca\/fr\/politque-de-confidentialite\/\",\"url\":\"https:\/\/the-irreverent-studio.ca\/fr\/politque-de-confidentialite\/\",\"name\":\"Politique de confidentialit\u00e9 - Studio L&#039;irr\u00e9v\u00e9rence\",\"isPartOf\":{\"@id\":\"https:\/\/the-irreverent-studio.ca\/fr\/#website\"},\"datePublished\":\"2023-11-08T22:57:21+00:00\",\"dateModified\":\"2024-01-03T19:38:28+00:00\",\"breadcrumb\":{\"@id\":\"https:\/\/the-irreverent-studio.ca\/fr\/politque-de-confidentialite\/#breadcrumb\"},\"inLanguage\":\"fr-CA\",\"potentialAction\":[{\"@type\":\"ReadAction\",\"target\":[\"https:\/\/the-irreverent-studio.ca\/fr\/politque-de-confidentialite\/\"]}]},{\"@type\":\"BreadcrumbList\",\"@id\":\"https:\/\/the-irreverent-studio.ca\/fr\/politque-de-confidentialite\/#breadcrumb\",\"itemListElement\":[{\"@type\":\"ListItem\",\"position\":1,\"name\":\"Home\",\"item\":\"https:\/\/the-irreverent-studio.ca\/fr\/\"},{\"@type\":\"ListItem\",\"position\":2,\"name\":\"Politique de confidentialit\u00e9\"}]},{\"@type\":\"WebSite\",\"@id\":\"https:\/\/the-irreverent-studio.ca\/fr\/#website\",\"url\":\"https:\/\/the-irreverent-studio.ca\/fr\/\",\"name\":\"Studio L&#039;irr\u00e9v\u00e9rence\",\"description\":\"DE L&#039;EXPERTISE COMPLEXE \u00c0 LA SIMPLICIT\u00c9 DESIGN - irr\u00e9v\u00e9rencieusement\",\"publisher\":{\"@id\":\"https:\/\/the-irreverent-studio.ca\/fr\/#organization\"},\"potentialAction\":[{\"@type\":\"SearchAction\",\"target\":{\"@type\":\"EntryPoint\",\"urlTemplate\":\"https:\/\/the-irreverent-studio.ca\/fr\/?s={search_term_string}\"},\"query-input\":{\"@type\":\"PropertyValueSpecification\",\"valueRequired\":true,\"valueName\":\"search_term_string\"}}],\"inLanguage\":\"fr-CA\"},{\"@type\":\"Organization\",\"@id\":\"https:\/\/the-irreverent-studio.ca\/fr\/#organization\",\"name\":\"Studio L&#039;irr\u00e9v\u00e9rence\",\"url\":\"https:\/\/the-irreverent-studio.ca\/fr\/\",\"logo\":{\"@type\":\"ImageObject\",\"inLanguage\":\"fr-CA\",\"@id\":\"https:\/\/the-irreverent-studio.ca\/fr\/#\/schema\/logo\/image\/\",\"url\":\"https:\/\/the-irreverent-studio.ca\/fr\/wp-content\/uploads\/sites\/2\/2023\/12\/logo-02.png\",\"contentUrl\":\"https:\/\/the-irreverent-studio.ca\/fr\/wp-content\/uploads\/sites\/2\/2023\/12\/logo-02.png\",\"width\":100,\"height\":100,\"caption\":\"Studio L&#039;irr\u00e9v\u00e9rence\"},\"image\":{\"@id\":\"https:\/\/the-irreverent-studio.ca\/fr\/#\/schema\/logo\/image\/\"}}]}<\/script>\n<!-- \/ Yoast SEO plugin. -->","yoast_head_json":{"title":"Politique de confidentialit\u00e9 - Studio L&#039;irr\u00e9v\u00e9rence","robots":{"index":"index","follow":"follow","max-snippet":"max-snippet:-1","max-image-preview":"max-image-preview:large","max-video-preview":"max-video-preview:-1"},"canonical":"https:\/\/the-irreverent-studio.ca\/fr\/politque-de-confidentialite\/","og_locale":"fr_CA","og_type":"article","og_title":"Politique de confidentialit\u00e9 - Studio L&#039;irr\u00e9v\u00e9rence","og_description":"Politique de confidentialit\u00e9 Derni\u00e8re mise \u00e0 jour le 19 d\u00e9cembre 2023Date d&rsquo;entr\u00e9e en vigueur : 19 d\u00e9cembre 2023 Cette Politique de confidentialit\u00e9 d\u00e9crit les politiques du Studio L&rsquo;irr\u00e9verence, email : hello@the-irreverent-studio.ca concernant la collecte, l&rsquo;utilisation et la divulgation de vos informations que nous recueillons lorsque vous utilisez notre site Web (the-irreverent-studio.ca) (le \u00ab\u00a0Service\u00a0\u00bb). En acc\u00e9dant ... Politique de confidentialit\u00e9","og_url":"https:\/\/the-irreverent-studio.ca\/fr\/politque-de-confidentialite\/","og_site_name":"Studio L&#039;irr\u00e9v\u00e9rence","article_modified_time":"2024-01-03T19:38:28+00:00","twitter_card":"summary_large_image","twitter_misc":{"Estimation du temps de lecture":"5 minutes"},"schema":{"@context":"https:\/\/schema.org","@graph":[{"@type":"WebPage","@id":"https:\/\/the-irreverent-studio.ca\/fr\/politque-de-confidentialite\/","url":"https:\/\/the-irreverent-studio.ca\/fr\/politque-de-confidentialite\/","name":"Politique de confidentialit\u00e9 - Studio L&#039;irr\u00e9v\u00e9rence","isPartOf":{"@id":"https:\/\/the-irreverent-studio.ca\/fr\/#website"},"datePublished":"2023-11-08T22:57:21+00:00","dateModified":"2024-01-03T19:38:28+00:00","breadcrumb":{"@id":"https:\/\/the-irreverent-studio.ca\/fr\/politque-de-confidentialite\/#breadcrumb"},"inLanguage":"fr-CA","potentialAction":[{"@type":"ReadAction","target":["https:\/\/the-irreverent-studio.ca\/fr\/politque-de-confidentialite\/"]}]},{"@type":"BreadcrumbList","@id":"https:\/\/the-irreverent-studio.ca\/fr\/politque-de-confidentialite\/#breadcrumb","itemListElement":[{"@type":"ListItem","position":1,"name":"Home","item":"https:\/\/the-irreverent-studio.ca\/fr\/"},{"@type":"ListItem","position":2,"name":"Politique de confidentialit\u00e9"}]},{"@type":"WebSite","@id":"https:\/\/the-irreverent-studio.ca\/fr\/#website","url":"https:\/\/the-irreverent-studio.ca\/fr\/","name":"Studio L&#039;irr\u00e9v\u00e9rence","description":"DE L&#039;EXPERTISE COMPLEXE \u00c0 LA SIMPLICIT\u00c9 DESIGN - irr\u00e9v\u00e9rencieusement","publisher":{"@id":"https:\/\/the-irreverent-studio.ca\/fr\/#organization"},"potentialAction":[{"@type":"SearchAction","target":{"@type":"EntryPoint","urlTemplate":"https:\/\/the-irreverent-studio.ca\/fr\/?s={search_term_string}"},"query-input":{"@type":"PropertyValueSpecification","valueRequired":true,"valueName":"search_term_string"}}],"inLanguage":"fr-CA"},{"@type":"Organization","@id":"https:\/\/the-irreverent-studio.ca\/fr\/#organization","name":"Studio L&#039;irr\u00e9v\u00e9rence","url":"https:\/\/the-irreverent-studio.ca\/fr\/","logo":{"@type":"ImageObject","inLanguage":"fr-CA","@id":"https:\/\/the-irreverent-studio.ca\/fr\/#\/schema\/logo\/image\/","url":"https:\/\/the-irreverent-studio.ca\/fr\/wp-content\/uploads\/sites\/2\/2023\/12\/logo-02.png","contentUrl":"https:\/\/the-irreverent-studio.ca\/fr\/wp-content\/uploads\/sites\/2\/2023\/12\/logo-02.png","width":100,"height":100,"caption":"Studio L&#039;irr\u00e9v\u00e9rence"},"image":{"@id":"https:\/\/the-irreverent-studio.ca\/fr\/#\/schema\/logo\/image\/"}}]}},"_links":{"self":[{"href":"https:\/\/the-irreverent-studio.ca\/fr\/wp-json\/wp\/v2\/pages\/543","targetHints":{"allow":["GET"]}}],"collection":[{"href":"https:\/\/the-irreverent-studio.ca\/fr\/wp-json\/wp\/v2\/pages"}],"about":[{"href":"https:\/\/the-irreverent-studio.ca\/fr\/wp-json\/wp\/v2\/types\/page"}],"author":[{"embeddable":true,"href":"https:\/\/the-irreverent-studio.ca\/fr\/wp-json\/wp\/v2\/users\/1"}],"replies":[{"embeddable":true,"href":"https:\/\/the-irreverent-studio.ca\/fr\/wp-json\/wp\/v2\/comments?post=543"}],"version-history":[{"count":0,"href":"https:\/\/the-irreverent-studio.ca\/fr\/wp-json\/wp\/v2\/pages\/543\/revisions"}],"wp:attachment":[{"href":"https:\/\/the-irreverent-studio.ca\/fr\/wp-json\/wp\/v2\/media?parent=543"}],"curies":[{"name":"wp","href":"https:\/\/api.w.org\/{rel}","templated":true}]}}